{"id":1573,"date":"2024-11-11T22:11:29","date_gmt":"2024-11-11T22:11:29","guid":{"rendered":"https:\/\/isaylolesartesania.com\/we\/"},"modified":"2025-02-28T22:40:00","modified_gmt":"2025-02-28T22:40:00","slug":"we","status":"publish","type":"page","link":"https:\/\/isaylolesartesania.com\/en\/we\/","title":{"rendered":"We"},"content":{"rendered":"\t\t<div data-elementor-type=\"wp-page\" data-elementor-id=\"1573\" class=\"elementor elementor-1573 elementor-536\" data-elementor-post-type=\"page\">\n\t\t\t\t<section class=\"elementor-element elementor-element-e305030 e-con-full animated-slow e-flex elementor-invisible e-con e-parent\" data-id=\"e305030\" data-element_type=\"container\" data-settings=\"{&quot;background_background&quot;:&quot;classic&quot;,&quot;animation&quot;:&quot;fadeIn&quot;}\">\n\t\t<div class=\"elementor-element elementor-element-3263cad e-con-full e-flex elementor-invisible e-con e-child\" data-id=\"3263cad\" data-element_type=\"container\" data-settings=\"{&quot;background_background&quot;:&quot;classic&quot;,&quot;animation&quot;:&quot;fadeIn&quot;}\">\n\t\t\t\t<\/div>\n\t\t<div class=\"elementor-element elementor-element-67d9b0e e-con-full elementor-hidden-mobile e-flex e-con e-child\" data-id=\"67d9b0e\" data-element_type=\"container\" data-settings=\"{&quot;background_background&quot;:&quot;slideshow&quot;,&quot;background_slideshow_gallery&quot;:[],&quot;background_slideshow_loop&quot;:&quot;yes&quot;,&quot;background_slideshow_slide_duration&quot;:5000,&quot;background_slideshow_slide_transition&quot;:&quot;fade&quot;,&quot;background_slideshow_transition_duration&quot;:500}\">\n\t\t\t\t<div class=\"elementor-element elementor-element-0752581 elementor-invisible elementor-widget elementor-widget-heading\" data-id=\"0752581\" data-element_type=\"widget\" data-settings=\"{&quot;_animation&quot;:&quot;fadeInRight&quot;}\" data-widget_type=\"heading.default\">\n\t\t\t\t<div class=\"elementor-widget-container\">\n\t\t\t\t\t<h1 class=\"elementor-heading-title elementor-size-default\">Isa y Loles<\/h1>\t\t\t\t<\/div>\n\t\t\t\t<\/div>\n\t\t\t\t<div class=\"elementor-element elementor-element-1f993ed elementor-invisible elementor-widget elementor-widget-heading\" data-id=\"1f993ed\" data-element_type=\"widget\" data-settings=\"{&quot;_animation&quot;:&quot;fadeInRight&quot;,&quot;_animation_delay&quot;:200}\" data-widget_type=\"heading.default\">\n\t\t\t\t<div class=\"elementor-widget-container\">\n\t\t\t\t\t<h2 class=\"elementor-heading-title elementor-size-default\">Nuestra historia<\/h2>\t\t\t\t<\/div>\n\t\t\t\t<\/div>\n\t\t\t\t<div class=\"elementor-element elementor-element-62a9658 elementor-icon-list--layout-traditional elementor-list-item-link-full_width elementor-invisible elementor-widget elementor-widget-icon-list\" data-id=\"62a9658\" data-element_type=\"widget\" data-settings=\"{&quot;_animation&quot;:&quot;fadeInRight&quot;,&quot;_animation_delay&quot;:400}\" data-widget_type=\"icon-list.default\">\n\t\t\t\t<div class=\"elementor-widget-container\">\n\t\t\t\t\t\t\t<ul class=\"elementor-icon-list-items\">\n\t\t\t\t\t\t\t<li class=\"elementor-icon-list-item\">\n\t\t\t\t\t\t\t\t\t\t\t<a href=\"https:\/\/www.instagram.com\/isaylolesartesania\">\n\n\t\t\t\t\t\t\t\t\t\t\t\t<span class=\"elementor-icon-list-icon\">\n\t\t\t\t\t\t\t<svg aria-hidden=\"true\" class=\"e-font-icon-svg e-fab-instagram\" viewBox=\"0 0 448 512\" xmlns=\"http:\/\/www.w3.org\/2000\/svg\"><path d=\"M224.1 141c-63.6 0-114.9 51.3-114.9 114.9s51.3 114.9 114.9 114.9S339 319.5 339 255.9 287.7 141 224.1 141zm0 189.6c-41.1 0-74.7-33.5-74.7-74.7s33.5-74.7 74.7-74.7 74.7 33.5 74.7 74.7-33.6 74.7-74.7 74.7zm146.4-194.3c0 14.9-12 26.8-26.8 26.8-14.9 0-26.8-12-26.8-26.8s12-26.8 26.8-26.8 26.8 12 26.8 26.8zm76.1 27.2c-1.7-35.9-9.9-67.7-36.2-93.9-26.2-26.2-58-34.4-93.9-36.2-37-2.1-147.9-2.1-184.9 0-35.8 1.7-67.6 9.9-93.9 36.1s-34.4 58-36.2 93.9c-2.1 37-2.1 147.9 0 184.9 1.7 35.9 9.9 67.7 36.2 93.9s58 34.4 93.9 36.2c37 2.1 147.9 2.1 184.9 0 35.9-1.7 67.7-9.9 93.9-36.2 26.2-26.2 34.4-58 36.2-93.9 2.1-37 2.1-147.8 0-184.8zM398.8 388c-7.8 19.6-22.9 34.7-42.6 42.6-29.5 11.7-99.5 9-132.1 9s-102.7 2.6-132.1-9c-19.6-7.8-34.7-22.9-42.6-42.6-11.7-29.5-9-99.5-9-132.1s-2.6-102.7 9-132.1c7.8-19.6 22.9-34.7 42.6-42.6 29.5-11.7 99.5-9 132.1-9s102.7-2.6 132.1 9c19.6 7.8 34.7 22.9 42.6 42.6 11.7 29.5 9 99.5 9 132.1s2.7 102.7-9 132.1z\"><\/path><\/svg>\t\t\t\t\t\t<\/span>\n\t\t\t\t\t\t\t\t\t\t<span class=\"elementor-icon-list-text\">Isa y Loles<\/span>\n\t\t\t\t\t\t\t\t\t\t\t<\/a>\n\t\t\t\t\t\t\t\t\t<\/li>\n\t\t\t\t\t\t<\/ul>\n\t\t\t\t\t\t<\/div>\n\t\t\t\t<\/div>\n\t\t\t\t<\/div>\n\t\t\t\t<\/section>\n\t\t<article class=\"elementor-element elementor-element-4993062 e-flex e-con-boxed e-con e-parent\" data-id=\"4993062\" data-element_type=\"container\">\n\t\t\t\t\t<div class=\"e-con-inner\">\n\t\t<div class=\"elementor-element elementor-element-172b483 e-con-full e-flex e-con e-child\" data-id=\"172b483\" data-element_type=\"container\">\n\t\t\t\t<div class=\"elementor-element elementor-element-3edb9a2 elementor-hidden-desktop elementor-hidden-tablet elementor-widget elementor-widget-heading\" data-id=\"3edb9a2\" data-element_type=\"widget\" data-widget_type=\"heading.default\">\n\t\t\t\t<div class=\"elementor-widget-container\">\n\t\t\t\t\t<h2 class=\"elementor-heading-title elementor-size-default\">Nosotras<\/h2>\t\t\t\t<\/div>\n\t\t\t\t<\/div>\n\t\t\t\t<div class=\"elementor-element elementor-element-e65d272 elementor-widget elementor-widget-text-editor\" data-id=\"e65d272\" data-element_type=\"widget\" data-widget_type=\"text-editor.default\">\n\t\t\t\t<div class=\"elementor-widget-container\">\n\t\t\t\t\t\t\t\t\t<p>Soy una mujer de 59 a\u00f1os que aprend\u00ed a ganchillar, calcetar, bordar y coser desde que era una ni\u00f1a. Tuve la gran suerte de tener como maestra a mi madre, que a\u00fan ahora a sus 87 a\u00f1os me sigue ense\u00f1ando y ayudando con todas mis dudas.<\/p><p>Un d\u00eda hace poco m\u00e1s de un a\u00f1o ten\u00eda puestas en el ba\u00f1o unas toallas adornadas por m\u00ed y a unas amigas que vinieron a casa le encantaron y me preguntaron cuanto les cobrar\u00eda por hacerles unas, les dije que ellas las compraran y yo se las adornaba como las m\u00edas. El caso es que mis amigas empezaron a presumir de toallas y comenc\u00e9 a recibir encargos.<\/p><p>Entonces surgi\u00f3 la idea de empezar a asistir a ferias de artesan\u00eda. Me di de alta como aut\u00f3nomo y empec\u00e9 a tomarme esto en serio.<br \/>La primera feria a la que asist\u00ed fue a la feria de Navidad de Tuy, la segunda la<br \/>Arribada en Baiona \u2026 y as\u00ed continu\u00e9 todo el a\u00f1o, recorriendo buena parte de Galicia. Al mismo tiempo el boca a boca me tra\u00eda algunos pedidos que estoy encantada de atender, sobre toda las toallas personalizadas que hasta el d\u00eda de hoy e conseguido que todas las clientas quedaran contentas y agradecidas por el buen trabajo realizado, eso es para m\u00ed una gran satisfacci\u00f3n ya que lo hago con todo el cari\u00f1o, intentando cuidar los detalles y utilizando solo materiales de primera calidad tanto las toallas como los hilos que utilizo para lograr que les duren mucho tiempo ya que es un producto que se tiene que lavar a menudo.<\/p><p>Con la experiencia adquirida en las ferias ahora hago tambi\u00e9n pendientes que espero que os gusten mucho.<br \/>Las redes son para m\u00ed una experiencia nueva pero espero que os guste el producto y os anim\u00e9is a poneros en contacto conmigo para realizar vuestros pedidos.<\/p>\t\t\t\t\t\t\t\t<\/div>\n\t\t\t\t<\/div>\n\t\t\t\t<div class=\"elementor-element elementor-element-be4ad0c elementor-align-left elementor-mobile-align-left elementor-icon-list--layout-traditional elementor-list-item-link-full_width elementor-widget elementor-widget-icon-list\" data-id=\"be4ad0c\" data-element_type=\"widget\" data-widget_type=\"icon-list.default\">\n\t\t\t\t<div class=\"elementor-widget-container\">\n\t\t\t\t\t\t\t<ul class=\"elementor-icon-list-items\">\n\t\t\t\t\t\t\t<li class=\"elementor-icon-list-item\">\n\t\t\t\t\t\t\t\t\t\t\t<a href=\"tel:+34611662576\">\n\n\t\t\t\t\t\t\t\t\t\t\t\t<span class=\"elementor-icon-list-icon\">\n\t\t\t\t\t\t\t<svg aria-hidden=\"true\" class=\"e-font-icon-svg e-fab-whatsapp\" viewBox=\"0 0 448 512\" xmlns=\"http:\/\/www.w3.org\/2000\/svg\"><path d=\"M380.9 97.1C339 55.1 283.2 32 223.9 32c-122.4 0-222 99.6-222 222 0 39.1 10.2 77.3 29.6 111L0 480l117.7-30.9c32.4 17.7 68.9 27 106.1 27h.1c122.3 0 224.1-99.6 224.1-222 0-59.3-25.2-115-67.1-157zm-157 341.6c-33.2 0-65.7-8.9-94-25.7l-6.7-4-69.8 18.3L72 359.2l-4.4-7c-18.5-29.4-28.2-63.3-28.2-98.2 0-101.7 82.8-184.5 184.6-184.5 49.3 0 95.6 19.2 130.4 54.1 34.8 34.9 56.2 81.2 56.1 130.5 0 101.8-84.9 184.6-186.6 184.6zm101.2-138.2c-5.5-2.8-32.8-16.2-37.9-18-5.1-1.9-8.8-2.8-12.5 2.8-3.7 5.6-14.3 18-17.6 21.8-3.2 3.7-6.5 4.2-12 1.4-32.6-16.3-54-29.1-75.5-66-5.7-9.8 5.7-9.1 16.3-30.3 1.8-3.7.9-6.9-.5-9.7-1.4-2.8-12.5-30.1-17.1-41.2-4.5-10.8-9.1-9.3-12.5-9.5-3.2-.2-6.9-.2-10.6-.2-3.7 0-9.7 1.4-14.8 6.9-5.1 5.6-19.4 19-19.4 46.3 0 27.3 19.9 53.7 22.6 57.4 2.8 3.7 39.1 59.7 94.8 83.8 35.2 15.2 49 16.5 66.6 13.9 10.7-1.6 32.8-13.4 37.4-26.4 4.6-13 4.6-24.1 3.2-26.4-1.3-2.5-5-3.9-10.5-6.6z\"><\/path><\/svg>\t\t\t\t\t\t<\/span>\n\t\t\t\t\t\t\t\t\t\t<span class=\"elementor-icon-list-text\">611 66 25 76<\/span>\n\t\t\t\t\t\t\t\t\t\t\t<\/a>\n\t\t\t\t\t\t\t\t\t<\/li>\n\t\t\t\t\t\t\t\t<li class=\"elementor-icon-list-item\">\n\t\t\t\t\t\t\t\t\t\t\t<a href=\"https:\/\/www.instagram.com\/isaylolesartesania\" target=\"_blank\" rel=\"nofollow\">\n\n\t\t\t\t\t\t\t\t\t\t\t\t<span class=\"elementor-icon-list-icon\">\n\t\t\t\t\t\t\t<svg aria-hidden=\"true\" class=\"e-font-icon-svg e-fab-instagram\" viewBox=\"0 0 448 512\" xmlns=\"http:\/\/www.w3.org\/2000\/svg\"><path d=\"M224.1 141c-63.6 0-114.9 51.3-114.9 114.9s51.3 114.9 114.9 114.9S339 319.5 339 255.9 287.7 141 224.1 141zm0 189.6c-41.1 0-74.7-33.5-74.7-74.7s33.5-74.7 74.7-74.7 74.7 33.5 74.7 74.7-33.6 74.7-74.7 74.7zm146.4-194.3c0 14.9-12 26.8-26.8 26.8-14.9 0-26.8-12-26.8-26.8s12-26.8 26.8-26.8 26.8 12 26.8 26.8zm76.1 27.2c-1.7-35.9-9.9-67.7-36.2-93.9-26.2-26.2-58-34.4-93.9-36.2-37-2.1-147.9-2.1-184.9 0-35.8 1.7-67.6 9.9-93.9 36.1s-34.4 58-36.2 93.9c-2.1 37-2.1 147.9 0 184.9 1.7 35.9 9.9 67.7 36.2 93.9s58 34.4 93.9 36.2c37 2.1 147.9 2.1 184.9 0 35.9-1.7 67.7-9.9 93.9-36.2 26.2-26.2 34.4-58 36.2-93.9 2.1-37 2.1-147.8 0-184.8zM398.8 388c-7.8 19.6-22.9 34.7-42.6 42.6-29.5 11.7-99.5 9-132.1 9s-102.7 2.6-132.1-9c-19.6-7.8-34.7-22.9-42.6-42.6-11.7-29.5-9-99.5-9-132.1s-2.6-102.7 9-132.1c7.8-19.6 22.9-34.7 42.6-42.6 29.5-11.7 99.5-9 132.1-9s102.7-2.6 132.1 9c19.6 7.8 34.7 22.9 42.6 42.6 11.7 29.5 9 99.5 9 132.1s2.7 102.7-9 132.1z\"><\/path><\/svg>\t\t\t\t\t\t<\/span>\n\t\t\t\t\t\t\t\t\t\t<span class=\"elementor-icon-list-text\">@isaylolesartesania<\/span>\n\t\t\t\t\t\t\t\t\t\t\t<\/a>\n\t\t\t\t\t\t\t\t\t<\/li>\n\t\t\t\t\t\t\t\t<li class=\"elementor-icon-list-item\">\n\t\t\t\t\t\t\t\t\t\t\t<span class=\"elementor-icon-list-icon\">\n\t\t\t\t\t\t\t<svg aria-hidden=\"true\" class=\"e-font-icon-svg e-fas-map-pin\" viewBox=\"0 0 288 512\" xmlns=\"http:\/\/www.w3.org\/2000\/svg\"><path d=\"M112 316.94v156.69l22.02 33.02c4.75 7.12 15.22 7.12 19.97 0L176 473.63V316.94c-10.39 1.92-21.06 3.06-32 3.06s-21.61-1.14-32-3.06zM144 0C64.47 0 0 64.47 0 144s64.47 144 144 144 144-64.47 144-144S223.53 0 144 0zm0 76c-37.5 0-68 30.5-68 68 0 6.62-5.38 12-12 12s-12-5.38-12-12c0-50.73 41.28-92 92-92 6.62 0 12 5.38 12 12s-5.38 12-12 12z\"><\/path><\/svg>\t\t\t\t\t\t<\/span>\n\t\t\t\t\t\t\t\t\t\t<span class=\"elementor-icon-list-text\">C\/ do Pi\u00f1eiro, 7. 36350 Nigr\u00e1n, Pontevedra<\/span>\n\t\t\t\t\t\t\t\t\t<\/li>\n\t\t\t\t\t\t<\/ul>\n\t\t\t\t\t\t<\/div>\n\t\t\t\t<\/div>\n\t\t\t\t<\/div>\n\t\t\t\t<div class=\"elementor-element elementor-element-fa38a9f elementor-view-default elementor-widget elementor-widget-icon\" data-id=\"fa38a9f\" data-element_type=\"widget\" data-settings=\"{&quot;motion_fx_motion_fx_scrolling&quot;:&quot;yes&quot;,&quot;motion_fx_rotateZ_effect&quot;:&quot;yes&quot;,&quot;motion_fx_rotateZ_speed&quot;:{&quot;unit&quot;:&quot;px&quot;,&quot;size&quot;:0.4,&quot;sizes&quot;:[]},&quot;motion_fx_rotateZ_affectedRange&quot;:{&quot;unit&quot;:&quot;%&quot;,&quot;size&quot;:&quot;&quot;,&quot;sizes&quot;:{&quot;start&quot;:0,&quot;end&quot;:100}},&quot;motion_fx_devices&quot;:[&quot;desktop&quot;,&quot;tablet&quot;,&quot;mobile&quot;]}\" data-widget_type=\"icon.default\">\n\t\t\t\t<div class=\"elementor-widget-container\">\n\t\t\t\t\t\t\t<div class=\"elementor-icon-wrapper\">\n\t\t\t<div class=\"elementor-icon\">\n\t\t\t\t\t\t<\/div>\n\t\t<\/div>\n\t\t\t\t\t\t<\/div>\n\t\t\t\t<\/div>\n\t\t\t\t\t<\/div>\n\t\t\t\t<\/article>\n\t\t\t\t<\/div>\n\t\t","protected":false},"excerpt":{"rendered":"<p>Isa and Loles Our history Isa and Loles We I am a 59-year-old woman who learned to crochet, knit, embroider and sew since I was a child. I was very fortunate to have my mother as a teacher, who even now at 87 years of age continues to teach me and help me with all [&hellip;]<\/p>\n","protected":false},"author":1,"featured_media":0,"parent":0,"menu_order":0,"comment_status":"closed","ping_status":"closed","template":"","meta":{"footnotes":""},"class_list":["post-1573","page","type-page","status-publish","hentry"],"yoast_head":"<!-- This site is optimized with the Yoast SEO plugin v26.0 - https:\/\/yoast.com\/wordpress\/plugins\/seo\/ -->\n<title>We - Isa y Loles - Artesan\u00eda<\/title>\n<meta name=\"robots\" content=\"index, follow, max-snippet:-1, max-image-preview:large, max-video-preview:-1\" \/>\n<link rel=\"canonical\" href=\"https:\/\/isaylolesartesania.com\/en\/we\/\" \/>\n<meta property=\"og:locale\" content=\"en_US\" \/>\n<meta property=\"og:type\" content=\"article\" \/>\n<meta property=\"og:title\" content=\"We - Isa y Loles - Artesan\u00eda\" \/>\n<meta property=\"og:description\" content=\"Isa and Loles Our history Isa and Loles We I am a 59-year-old woman who learned to crochet, knit, embroider and sew since I was a child. I was very fortunate to have my mother as a teacher, who even now at 87 years of age continues to teach me and help me with all [&hellip;]\" \/>\n<meta property=\"og:url\" content=\"https:\/\/isaylolesartesania.com\/en\/we\/\" \/>\n<meta property=\"og:site_name\" content=\"Isa y Loles - Artesan\u00eda\" \/>\n<meta property=\"article:modified_time\" content=\"2025-02-28T22:40:00+00:00\" \/>\n<meta name=\"twitter:card\" content=\"summary_large_image\" \/>\n<meta name=\"twitter:label1\" content=\"Est. reading time\" \/>\n\t<meta name=\"twitter:data1\" content=\"2 minutes\" \/>\n<script type=\"application\/ld+json\" class=\"yoast-schema-graph\">{\"@context\":\"https:\/\/schema.org\",\"@graph\":[{\"@type\":\"WebPage\",\"@id\":\"https:\/\/isaylolesartesania.com\/en\/we\/\",\"url\":\"https:\/\/isaylolesartesania.com\/en\/we\/\",\"name\":\"We - Isa y Loles - Artesan\u00eda\",\"isPartOf\":{\"@id\":\"https:\/\/isaylolesartesania.com\/#website\"},\"datePublished\":\"2024-11-11T22:11:29+00:00\",\"dateModified\":\"2025-02-28T22:40:00+00:00\",\"breadcrumb\":{\"@id\":\"https:\/\/isaylolesartesania.com\/en\/we\/#breadcrumb\"},\"inLanguage\":\"en-US\",\"potentialAction\":[{\"@type\":\"ReadAction\",\"target\":[\"https:\/\/isaylolesartesania.com\/en\/we\/\"]}]},{\"@type\":\"BreadcrumbList\",\"@id\":\"https:\/\/isaylolesartesania.com\/en\/we\/#breadcrumb\",\"itemListElement\":[{\"@type\":\"ListItem\",\"position\":1,\"name\":\"Portada\",\"item\":\"https:\/\/isaylolesartesania.com\/en\/home\/\"},{\"@type\":\"ListItem\",\"position\":2,\"name\":\"We\"}]},{\"@type\":\"WebSite\",\"@id\":\"https:\/\/isaylolesartesania.com\/#website\",\"url\":\"https:\/\/isaylolesartesania.com\/\",\"name\":\"Isa y Loles - Papeler\u00eda artesanal en Madrid\",\"description\":\"\",\"publisher\":{\"@id\":\"https:\/\/isaylolesartesania.com\/#organization\"},\"potentialAction\":[{\"@type\":\"SearchAction\",\"target\":{\"@type\":\"EntryPoint\",\"urlTemplate\":\"https:\/\/isaylolesartesania.com\/?s={search_term_string}\"},\"query-input\":{\"@type\":\"PropertyValueSpecification\",\"valueRequired\":true,\"valueName\":\"search_term_string\"}}],\"inLanguage\":\"en-US\"},{\"@type\":\"Organization\",\"@id\":\"https:\/\/isaylolesartesania.com\/#organization\",\"name\":\"Isa y Loles - Papeler\u00eda artesanal en Madrid\",\"url\":\"https:\/\/isaylolesartesania.com\/\",\"logo\":{\"@type\":\"ImageObject\",\"inLanguage\":\"en-US\",\"@id\":\"https:\/\/isaylolesartesania.com\/#\/schema\/logo\/image\/\",\"url\":\"https:\/\/isaylolesartesania.com\/wp-content\/uploads\/2024\/11\/Isa-y-Loles-logo.jpg\",\"contentUrl\":\"https:\/\/isaylolesartesania.com\/wp-content\/uploads\/2024\/11\/Isa-y-Loles-logo.jpg\",\"width\":693,\"height\":223,\"caption\":\"Isa y Loles - Papeler\u00eda artesanal en Madrid\"},\"image\":{\"@id\":\"https:\/\/isaylolesartesania.com\/#\/schema\/logo\/image\/\"},\"sameAs\":[\"https:\/\/www.instagram.com\/carapazona\/\"]}]}<\/script>\n<!-- \/ Yoast SEO plugin. -->","yoast_head_json":{"title":"We - Isa y Loles - Artesan\u00eda","robots":{"index":"index","follow":"follow","max-snippet":"max-snippet:-1","max-image-preview":"max-image-preview:large","max-video-preview":"max-video-preview:-1"},"canonical":"https:\/\/isaylolesartesania.com\/en\/we\/","og_locale":"en_US","og_type":"article","og_title":"We - Isa y Loles - Artesan\u00eda","og_description":"Isa and Loles Our history Isa and Loles We I am a 59-year-old woman who learned to crochet, knit, embroider and sew since I was a child. I was very fortunate to have my mother as a teacher, who even now at 87 years of age continues to teach me and help me with all [&hellip;]","og_url":"https:\/\/isaylolesartesania.com\/en\/we\/","og_site_name":"Isa y Loles - Artesan\u00eda","article_modified_time":"2025-02-28T22:40:00+00:00","twitter_card":"summary_large_image","twitter_misc":{"Est. reading time":"2 minutes"},"schema":{"@context":"https:\/\/schema.org","@graph":[{"@type":"WebPage","@id":"https:\/\/isaylolesartesania.com\/en\/we\/","url":"https:\/\/isaylolesartesania.com\/en\/we\/","name":"We - Isa y Loles - Artesan\u00eda","isPartOf":{"@id":"https:\/\/isaylolesartesania.com\/#website"},"datePublished":"2024-11-11T22:11:29+00:00","dateModified":"2025-02-28T22:40:00+00:00","breadcrumb":{"@id":"https:\/\/isaylolesartesania.com\/en\/we\/#breadcrumb"},"inLanguage":"en-US","potentialAction":[{"@type":"ReadAction","target":["https:\/\/isaylolesartesania.com\/en\/we\/"]}]},{"@type":"BreadcrumbList","@id":"https:\/\/isaylolesartesania.com\/en\/we\/#breadcrumb","itemListElement":[{"@type":"ListItem","position":1,"name":"Portada","item":"https:\/\/isaylolesartesania.com\/en\/home\/"},{"@type":"ListItem","position":2,"name":"We"}]},{"@type":"WebSite","@id":"https:\/\/isaylolesartesania.com\/#website","url":"https:\/\/isaylolesartesania.com\/","name":"Isa y Loles - Papeler\u00eda artesanal en Madrid","description":"","publisher":{"@id":"https:\/\/isaylolesartesania.com\/#organization"},"potentialAction":[{"@type":"SearchAction","target":{"@type":"EntryPoint","urlTemplate":"https:\/\/isaylolesartesania.com\/?s={search_term_string}"},"query-input":{"@type":"PropertyValueSpecification","valueRequired":true,"valueName":"search_term_string"}}],"inLanguage":"en-US"},{"@type":"Organization","@id":"https:\/\/isaylolesartesania.com\/#organization","name":"Isa y Loles - Papeler\u00eda artesanal en Madrid","url":"https:\/\/isaylolesartesania.com\/","logo":{"@type":"ImageObject","inLanguage":"en-US","@id":"https:\/\/isaylolesartesania.com\/#\/schema\/logo\/image\/","url":"https:\/\/isaylolesartesania.com\/wp-content\/uploads\/2024\/11\/Isa-y-Loles-logo.jpg","contentUrl":"https:\/\/isaylolesartesania.com\/wp-content\/uploads\/2024\/11\/Isa-y-Loles-logo.jpg","width":693,"height":223,"caption":"Isa y Loles - Papeler\u00eda artesanal en Madrid"},"image":{"@id":"https:\/\/isaylolesartesania.com\/#\/schema\/logo\/image\/"},"sameAs":["https:\/\/www.instagram.com\/carapazona\/"]}]}},"_links":{"self":[{"href":"https:\/\/isaylolesartesania.com\/en\/wp-json\/wp\/v2\/pages\/1573","targetHints":{"allow":["GET"]}}],"collection":[{"href":"https:\/\/isaylolesartesania.com\/en\/wp-json\/wp\/v2\/pages"}],"about":[{"href":"https:\/\/isaylolesartesania.com\/en\/wp-json\/wp\/v2\/types\/page"}],"author":[{"embeddable":true,"href":"https:\/\/isaylolesartesania.com\/en\/wp-json\/wp\/v2\/users\/1"}],"replies":[{"embeddable":true,"href":"https:\/\/isaylolesartesania.com\/en\/wp-json\/wp\/v2\/comments?post=1573"}],"version-history":[{"count":1,"href":"https:\/\/isaylolesartesania.com\/en\/wp-json\/wp\/v2\/pages\/1573\/revisions"}],"predecessor-version":[{"id":1615,"href":"https:\/\/isaylolesartesania.com\/en\/wp-json\/wp\/v2\/pages\/1573\/revisions\/1615"}],"wp:attachment":[{"href":"https:\/\/isaylolesartesania.com\/en\/wp-json\/wp\/v2\/media?parent=1573"}],"curies":[{"name":"wp","href":"https:\/\/api.w.org\/{rel}","templated":true}]}}